{"id":5746,"date":"2019-08-07T12:04:40","date_gmt":"2019-08-07T12:04:40","guid":{"rendered":"https:\/\/workspace.es\/?page_id=5746"},"modified":"2026-02-16T08:28:03","modified_gmt":"2026-02-16T08:28:03","slug":"aviso-legal","status":"publish","type":"page","link":"https:\/\/workspace.es\/en\/aviso-legal\/","title":{"rendered":"Legal Notice"},"content":{"rendered":"<p>[et_pb_section fb_built=\u00bb1&#8243; _builder_version=\u00bb4.16&#8243; global_colors_info=\u00bb{}\u00bb][et_pb_row _builder_version=\u00bb4.16&#8243; global_colors_info=\u00bb{}\u00bb][et_pb_column type=\u00bb4_4&#8243; _builder_version=\u00bb4.16&#8243; global_colors_info=\u00bb{}\u00bb][et_pb_text _builder_version=\u00bb4.16&#8243; global_colors_info=\u00bb{}\u00bb]<\/p>\n<p><strong><span style=\"font-size: 30px; color: #0076be;\">AVISO LEGAL<\/span><\/strong><\/p>\n<p><strong>Informaci\u00f3n General<\/strong><\/p>\n<p>El presente aviso legal da cumplimiento a las estipulaciones recogidas en la Ley 34\/2002, de Servicios de la Sociedad de la Informaci\u00f3n, y de Comercio Electr\u00f3nico, REGLAMENTO (UE) 2016\/679 DEL PARLAMENTO EUROPEO Y DEL CONSEJO de 27 de abril de 2016 y la Ley Org\u00e1nica 3\/2018, de 5 de diciembre, de Protecci\u00f3n de Datos Personales y garant\u00eda de los derechos digitales.<\/p>\n<p>La titularidad del sitio web www.workspace.es es de Luis Fernando Roca de la Cruz (En adelante \u201cWORKSPACE\u201d), con domicilio social en calle Arr\u00e1ez 11 Cp. 04002 Almer\u00eda, con NIF 50862163D, inscrita en el Registro Mercantil de Almer\u00eda.<\/p>\n<p>&nbsp;<\/p>\n<p><strong>Acceso y contenidos<\/strong><\/p>\n<p>El acceso al sitio Web se efect\u00faa de forma libre y gratuita, salvo el coste que deba soportar el usuario por la conexi\u00f3n a Internet suministrada por su proveedor.<br \/>El uso del sitio web implica la aceptaci\u00f3n por parte del usuario de las condiciones estipuladas en el presente aviso legal, pol\u00edtica de privacidad y cookies. El usuario debe leer el aviso legal existente en este sitio web, en cada una de las visitas que realice al mismo, ya que sus condiciones de uso pueden sufrir variaciones.<\/p>\n<p>&nbsp;<\/p>\n<p><strong>Propiedad intelectual WORKSPACE<\/strong><\/p>\n<p>WORKSPACE posee reservados todos los derechos sobre la marca, nombre comercial y signos distintivos con respecto al dise\u00f1o y contenido de este sitio Web. En concreto, en lo relativo a los textos, dise\u00f1o gr\u00e1fico, c\u00f3digo fuente, etc.<\/p>\n<p>Queda totalmente prohibido la utilizaci\u00f3n de todos los elementos objeto de propiedad industrial e intelectual con fines comerciales as\u00ed como su distribuci\u00f3n, modificaci\u00f3n o alteraci\u00f3n, sin la debida autorizaci\u00f3n de WORKSPACE.<\/p>\n<p>Las referencias existentes en este sitio web sobre cualquier servicio, enlace, hipertexto, o cualquier otra informaci\u00f3n en la que se utilice la marca o nombre comercial y dem\u00e1s signos distintivos de terceros son propiedad de estos.<\/p>\n<p>&nbsp;<\/p>\n<p><strong>Enlaces<\/strong><\/p>\n<p>La existencia de enlaces a otros portales no supone que pudieran existir acuerdos con los titulares de los mismos, por lo tanto el Centro no se hace responsable de las posibles ilicitudes, desactualizaciones o errores de los contenidos de dichas webs. Si el usuario conociese que los sitios enlazados remiten a p\u00e1ginas cuyo contenido fuese il\u00edcito deber\u00e1 notificarlo al Centro, enviando un mail a <a href=\"mailto:info@workspace.com\">info@workspace.com<\/a>.<\/p>\n<p>&nbsp;<\/p>\n<p><strong>Responsabilidad<\/strong><\/p>\n<p>WORKSPACE, a trav\u00e9s del siguiente Aviso Legal excluye cualquier responsabilidad por los da\u00f1os que puedan deberse a la presencia de virus u otros c\u00f3digos maliciosos, correspondiendo al usuario la disponibilidad de herramientas adecuadas para la detecci\u00f3n y desinfecci\u00f3n de programas o archivos da\u00f1inos.<\/p>\n<p>&nbsp;<\/p>\n<p><strong>Legislaci\u00f3n y jurisdicci\u00f3n<\/strong><\/p>\n<p>Estas Condiciones Legales se rigen por la ley espa\u00f1ola. El Sitio Web, el usuario y WORKSPACE, con renuncia expresa a cualquier otro fuero, se someten al de los Juzgados y Tribunales de Almer\u00eda para cualquier controversia que pudiera derivarse de la prestaci\u00f3n de los servicios objeto de estas Condiciones Legales.<\/p>\n<p>[\/et_pb_text][\/et_pb_column][\/et_pb_row][\/et_pb_section]<\/p>\n","protected":false},"excerpt":{"rendered":"<p>AVISO LEGAL Informaci\u00f3n General El presente aviso legal da cumplimiento a las estipulaciones recogidas en la Ley 34\/2002, de Servicios de la Sociedad de la Informaci\u00f3n, y de Comercio Electr\u00f3nico, REGLAMENTO (UE) 2016\/679 DEL PARLAMENTO EUROPEO Y DEL CONSEJO de 27 de abril de 2016 y la Ley Org\u00e1nica 3\/2018, de 5 de diciembre, de [&hellip;]<\/p>\n","protected":false},"author":1,"featured_media":0,"parent":0,"menu_order":0,"comment_status":"closed","ping_status":"closed","template":"","meta":{"_et_pb_use_builder":"on","_et_pb_old_content":"","_et_gb_content_width":"","_monsterinsights_skip_tracking":false,"_monsterinsights_sitenote_active":false,"_monsterinsights_sitenote_note":"","_monsterinsights_sitenote_category":0,"_joinchat":[],"footnotes":""},"class_list":["post-5746","page","type-page","status-publish","hentry"],"yoast_head":"<!-- This site is optimized with the Yoast SEO Premium plugin v26.8 (Yoast SEO v27.3) - https:\/\/yoast.com\/product\/yoast-seo-premium-wordpress\/ -->\n<title>Aviso Legal \u2013 Workspace Coworking en Almer\u00eda<\/title>\n<meta name=\"description\" content=\"Consulta el Aviso Legal de Workspace Coworking Almer\u00eda: informaci\u00f3n legal, responsabilidades y t\u00e9rminos de uso para nuestro sitio y servicios.\" \/>\n<meta name=\"robots\" content=\"noindex, nofollow\" \/>\n<meta property=\"og:locale\" content=\"en_US\" \/>\n<meta property=\"og:type\" content=\"article\" \/>\n<meta property=\"og:title\" content=\"Aviso legal - Workspace Coworking Almer\u00eda\" \/>\n<meta property=\"og:description\" content=\"Aviso legal En Workspace Coworking Almer\u00eda, el \u00fanico coworking en un edificio hist\u00f3rico exclusivo en el centro de Almer\u00eda, con espacios flexibles, gesti\u00f3n digital y atenci\u00f3n personalizada para impulsar tu productividad.\" \/>\n<meta property=\"og:url\" content=\"https:\/\/workspace.es\/en\/aviso-legal\/\" \/>\n<meta property=\"og:site_name\" content=\"Workspace Coworking Almer\u00eda\" \/>\n<meta property=\"article:publisher\" content=\"https:\/\/www.facebook.com\/workspacecoworking\" \/>\n<meta property=\"article:modified_time\" content=\"2026-02-16T08:28:03+00:00\" \/>\n<meta property=\"og:image\" content=\"https:\/\/workspace.es\/wp-content\/uploads\/2025\/04\/Sensacion-de-desconexion-para-freelancers-geotagged.jpg\" \/>\n\t<meta property=\"og:image:width\" content=\"1000\" \/>\n\t<meta property=\"og:image:height\" content=\"666\" \/>\n\t<meta property=\"og:image:type\" content=\"image\/jpeg\" \/>\n<meta name=\"twitter:card\" content=\"summary_large_image\" \/>\n<meta name=\"twitter:site\" content=\"@workspacees\" \/>\n<meta name=\"twitter:label1\" content=\"Est. reading time\" \/>\n\t<meta name=\"twitter:data1\" content=\"3 minutes\" \/>\n<script type=\"application\/ld+json\" class=\"yoast-schema-graph\">{\"@context\":\"https:\\\/\\\/schema.org\",\"@graph\":[{\"@type\":\"WebPage\",\"@id\":\"https:\\\/\\\/workspace.es\\\/aviso-legal\\\/\",\"url\":\"https:\\\/\\\/workspace.es\\\/aviso-legal\\\/\",\"name\":\"Aviso Legal \u2013 Workspace Coworking en Almer\u00eda\",\"isPartOf\":{\"@id\":\"https:\\\/\\\/workspace.es\\\/#website\"},\"datePublished\":\"2019-08-07T12:04:40+00:00\",\"dateModified\":\"2026-02-16T08:28:03+00:00\",\"description\":\"Consulta el Aviso Legal de Workspace Coworking Almer\u00eda: informaci\u00f3n legal, responsabilidades y t\u00e9rminos de uso para nuestro sitio y servicios.\",\"breadcrumb\":{\"@id\":\"https:\\\/\\\/workspace.es\\\/aviso-legal\\\/#breadcrumb\"},\"inLanguage\":\"en-US\",\"potentialAction\":[{\"@type\":\"ReadAction\",\"target\":[\"https:\\\/\\\/workspace.es\\\/aviso-legal\\\/\"]}]},{\"@type\":\"BreadcrumbList\",\"@id\":\"https:\\\/\\\/workspace.es\\\/aviso-legal\\\/#breadcrumb\",\"itemListElement\":[{\"@type\":\"ListItem\",\"position\":1,\"name\":\"INICIO\",\"item\":\"https:\\\/\\\/workspace.es\\\/\"},{\"@type\":\"ListItem\",\"position\":2,\"name\":\"Aviso legal\"}]},{\"@type\":\"WebSite\",\"@id\":\"https:\\\/\\\/workspace.es\\\/#website\",\"url\":\"https:\\\/\\\/workspace.es\\\/\",\"name\":\"Workspace Coworking Almer\u00eda\",\"description\":\"Coworking en Almer\u00eda para empresas y profesionales: puestos de trabajo, salas y oficina virtual en un edificio hist\u00f3rico exclusivo.\",\"publisher\":{\"@id\":\"https:\\\/\\\/workspace.es\\\/#organization\"},\"alternateName\":\"Workspace Coworking Almer\u00eda Centro\",\"potentialAction\":[{\"@type\":\"SearchAction\",\"target\":{\"@type\":\"EntryPoint\",\"urlTemplate\":\"https:\\\/\\\/workspace.es\\\/?s={search_term_string}\"},\"query-input\":{\"@type\":\"PropertyValueSpecification\",\"valueRequired\":true,\"valueName\":\"search_term_string\"}}],\"inLanguage\":\"en-US\"},{\"@type\":\"Organization\",\"@id\":\"https:\\\/\\\/workspace.es\\\/#organization\",\"name\":\"Workspace Coworking Almeria\",\"alternateName\":\"WorkSpace Almeria\",\"url\":\"https:\\\/\\\/workspace.es\\\/\",\"logo\":{\"@type\":\"ImageObject\",\"inLanguage\":\"en-US\",\"@id\":\"https:\\\/\\\/workspace.es\\\/#\\\/schema\\\/logo\\\/image\\\/\",\"url\":\"https:\\\/\\\/workspace.es\\\/wp-content\\\/uploads\\\/2024\\\/12\\\/Workspace-vertical.png\",\"contentUrl\":\"https:\\\/\\\/workspace.es\\\/wp-content\\\/uploads\\\/2024\\\/12\\\/Workspace-vertical.png\",\"width\":1500,\"height\":1500,\"caption\":\"Workspace Coworking Almeria\"},\"image\":{\"@id\":\"https:\\\/\\\/workspace.es\\\/#\\\/schema\\\/logo\\\/image\\\/\"},\"sameAs\":[\"https:\\\/\\\/www.facebook.com\\\/workspacecoworking\",\"https:\\\/\\\/x.com\\\/workspacees\",\"https:\\\/\\\/www.instagram.com\\\/workspacecoworking\\\/\",\"https:\\\/\\\/www.linkedin.com\\\/company\\\/workspace-coworking-almeria\\\/\"],\"description\":\"Workspace Coworking Almer\u00eda es el \u00fanico coworking en un edificio hist\u00f3rico exclusivo en el centro de Almer\u00eda, con espacios de trabajo flexibles, gesti\u00f3n digital, atenci\u00f3n personalizada y un entorno profesional dise\u00f1ado para rendir al m\u00e1ximo.\",\"email\":\"hola@workspace.es\",\"telephone\":\"625 01 87 67\",\"legalName\":\"Workspace Coworking Almer\u00eda\",\"numberOfEmployees\":{\"@type\":\"QuantitativeValue\",\"minValue\":\"1\",\"maxValue\":\"10\"}}]}<\/script>\n<!-- \/ Yoast SEO Premium plugin. -->","yoast_head_json":{"title":"Aviso Legal \u2013 Workspace Coworking en Almer\u00eda","description":"Consulta el Aviso Legal de Workspace Coworking Almer\u00eda: informaci\u00f3n legal, responsabilidades y t\u00e9rminos de uso para nuestro sitio y servicios.","robots":{"index":"noindex","follow":"nofollow"},"og_locale":"en_US","og_type":"article","og_title":"Aviso legal - Workspace Coworking Almer\u00eda","og_description":"Aviso legal En Workspace Coworking Almer\u00eda, el \u00fanico coworking en un edificio hist\u00f3rico exclusivo en el centro de Almer\u00eda, con espacios flexibles, gesti\u00f3n digital y atenci\u00f3n personalizada para impulsar tu productividad.","og_url":"https:\/\/workspace.es\/en\/aviso-legal\/","og_site_name":"Workspace Coworking Almer\u00eda","article_publisher":"https:\/\/www.facebook.com\/workspacecoworking","article_modified_time":"2026-02-16T08:28:03+00:00","og_image":[{"width":1000,"height":666,"url":"https:\/\/workspace.es\/wp-content\/uploads\/2025\/04\/Sensacion-de-desconexion-para-freelancers-geotagged.jpg","type":"image\/jpeg"}],"twitter_card":"summary_large_image","twitter_site":"@workspacees","twitter_misc":{"Est. reading time":"3 minutes"},"schema":{"@context":"https:\/\/schema.org","@graph":[{"@type":"WebPage","@id":"https:\/\/workspace.es\/aviso-legal\/","url":"https:\/\/workspace.es\/aviso-legal\/","name":"Aviso Legal \u2013 Workspace Coworking en Almer\u00eda","isPartOf":{"@id":"https:\/\/workspace.es\/#website"},"datePublished":"2019-08-07T12:04:40+00:00","dateModified":"2026-02-16T08:28:03+00:00","description":"Consulta el Aviso Legal de Workspace Coworking Almer\u00eda: informaci\u00f3n legal, responsabilidades y t\u00e9rminos de uso para nuestro sitio y servicios.","breadcrumb":{"@id":"https:\/\/workspace.es\/aviso-legal\/#breadcrumb"},"inLanguage":"en-US","potentialAction":[{"@type":"ReadAction","target":["https:\/\/workspace.es\/aviso-legal\/"]}]},{"@type":"BreadcrumbList","@id":"https:\/\/workspace.es\/aviso-legal\/#breadcrumb","itemListElement":[{"@type":"ListItem","position":1,"name":"INICIO","item":"https:\/\/workspace.es\/"},{"@type":"ListItem","position":2,"name":"Aviso legal"}]},{"@type":"WebSite","@id":"https:\/\/workspace.es\/#website","url":"https:\/\/workspace.es\/","name":"Workspace Coworking Almeria","description":"Coworking in Almeria for companies and professionals: workstations, rooms and virtual office in an exclusive historic building.","publisher":{"@id":"https:\/\/workspace.es\/#organization"},"alternateName":"Workspace Coworking Almer\u00eda Centro","potentialAction":[{"@type":"SearchAction","target":{"@type":"EntryPoint","urlTemplate":"https:\/\/workspace.es\/?s={search_term_string}"},"query-input":{"@type":"PropertyValueSpecification","valueRequired":true,"valueName":"search_term_string"}}],"inLanguage":"en-US"},{"@type":"Organization","@id":"https:\/\/workspace.es\/#organization","name":"Workspace Coworking Almeria","alternateName":"WorkSpace Almeria","url":"https:\/\/workspace.es\/","logo":{"@type":"ImageObject","inLanguage":"en-US","@id":"https:\/\/workspace.es\/#\/schema\/logo\/image\/","url":"https:\/\/workspace.es\/wp-content\/uploads\/2024\/12\/Workspace-vertical.png","contentUrl":"https:\/\/workspace.es\/wp-content\/uploads\/2024\/12\/Workspace-vertical.png","width":1500,"height":1500,"caption":"Workspace Coworking Almeria"},"image":{"@id":"https:\/\/workspace.es\/#\/schema\/logo\/image\/"},"sameAs":["https:\/\/www.facebook.com\/workspacecoworking","https:\/\/x.com\/workspacees","https:\/\/www.instagram.com\/workspacecoworking\/","https:\/\/www.linkedin.com\/company\/workspace-coworking-almeria\/"],"description":"Workspace Coworking Almer\u00eda es el \u00fanico coworking en un edificio hist\u00f3rico exclusivo en el centro de Almer\u00eda, con espacios de trabajo flexibles, gesti\u00f3n digital, atenci\u00f3n personalizada y un entorno profesional dise\u00f1ado para rendir al m\u00e1ximo.","email":"hola@workspace.es","telephone":"625 01 87 67","legalName":"Workspace Coworking Almer\u00eda","numberOfEmployees":{"@type":"QuantitativeValue","minValue":"1","maxValue":"10"}}]}},"_links":{"self":[{"href":"https:\/\/workspace.es\/en\/wp-json\/wp\/v2\/pages\/5746","targetHints":{"allow":["GET"]}}],"collection":[{"href":"https:\/\/workspace.es\/en\/wp-json\/wp\/v2\/pages"}],"about":[{"href":"https:\/\/workspace.es\/en\/wp-json\/wp\/v2\/types\/page"}],"author":[{"embeddable":true,"href":"https:\/\/workspace.es\/en\/wp-json\/wp\/v2\/users\/1"}],"replies":[{"embeddable":true,"href":"https:\/\/workspace.es\/en\/wp-json\/wp\/v2\/comments?post=5746"}],"version-history":[{"count":12,"href":"https:\/\/workspace.es\/en\/wp-json\/wp\/v2\/pages\/5746\/revisions"}],"predecessor-version":[{"id":12194,"href":"https:\/\/workspace.es\/en\/wp-json\/wp\/v2\/pages\/5746\/revisions\/12194"}],"wp:attachment":[{"href":"https:\/\/workspace.es\/en\/wp-json\/wp\/v2\/media?parent=5746"}],"curies":[{"name":"wp","href":"https:\/\/api.w.org\/{rel}","templated":true}]}}