{"id":4331,"date":"2018-08-27T10:42:58","date_gmt":"2018-08-27T10:42:58","guid":{"rendered":"https:\/\/workspace.es\/?page_id=4331"},"modified":"2026-02-16T08:30:12","modified_gmt":"2026-02-16T08:30:12","slug":"politica-de-cookies","status":"publish","type":"page","link":"https:\/\/workspace.es\/en\/politica-de-cookies\/","title":{"rendered":"Cookies Policy"},"content":{"rendered":"<p>[et_pb_section fb_built=\u00bb1&#8243; _builder_version=\u00bb4.16&#8243; global_colors_info=\u00bb{}\u00bb][et_pb_row _builder_version=\u00bb4.16&#8243; global_colors_info=\u00bb{}\u00bb][et_pb_column type=\u00bb4_4&#8243; _builder_version=\u00bb4.16&#8243; global_colors_info=\u00bb{}\u00bb][et_pb_text _builder_version=\u00bb4.16&#8243; global_colors_info=\u00bb{}\u00bb]<\/p>\n<p><strong><span style=\"font-size: 30px; color: #0076be;\">POL\u00cdTICA DE COOKIES<\/span><\/strong><\/p>\n<p><strong>\u00bfQU\u00c9 SON LAS COOKIES?<\/strong><\/p>\n<p>Las cookies son archivos que se pueden descargar en su equipo a trav\u00e9s de las p\u00e1ginas web. Son herramientas que tienen un papel esencial para la prestaci\u00f3n de numerosos servicios de la sociedad de la informaci\u00f3n. Entre otros, permiten a una p\u00e1gina web almacenar y recuperar informaci\u00f3n sobre los h\u00e1bitos de navegaci\u00f3n de un usuario o de su equipo y, dependiendo de la informaci\u00f3n obtenida, se pueden utilizar para reconocer al usuario y mejorar el servicio ofrecido.<\/p>\n<p>&nbsp;<\/p>\n<p><strong>POLITICA DE COOKIES EN WORKDPACE<\/strong><\/p>\n<p>En cumplimiento de la Ley 34\/2002, de 11 de julio, de Servicios de la Sociedad de la Informaci\u00f3n y Comercio Electr\u00f3nico; el Reglamento 2016\/679 del Parlamento Europeo y del Consejo (en adelante \u201cRGPD\u201d) y Ley 34\/2002, de 11 de julio, de Servicios de la Sociedad de la Informaci\u00f3n y Comercio Electr\u00f3nico, se facilita informaci\u00f3n sobre el tratamiento y uso de Cookies pertenecientes a la P\u00e1gina Web de WORKSPACE cuya URL es www.workspace.es. A tal fin le informamos de que:<\/p>\n<p>\u2022 El Responsable del Tratamiento es de Luis Fernando Roca de la Cruz (En adelante \u201cWORKSPACE\u201d), con domicilio social en calle Arr\u00e1ez 11 Cp. 04002 Almer\u00eda, con NIF 50862163D, inscrita en el Registro Mercantil de Almer\u00eda.;<br \/>\u2022 WORKSPACE. dispone de una Pol\u00edtica de Privacidad.<br \/>\u2022 La base legitimadora del tratamiento de sus datos personales es la aceptaci\u00f3n de esta Pol\u00edtica de Cookies.<br \/>\u2022 La tipolog\u00eda de datos utilizada por las Cookies no incluye datos de identificaci\u00f3n de la persona.<br \/>\u2022 Los destinatarios de los datos generados por las Cookies son: WORKSPACE y otras empresas que prestan servicios de apoyo (entre otros proveedores de servicios tecnol\u00f3gicos e inform\u00e1ticos). Entre estos Terceros podr\u00e1 haber empresas radicadas en pa\u00edses que no cuentan con una normativa homog\u00e9nea con la de la Uni\u00f3n Europea en materia de protecci\u00f3n de datos. Por lo que, si no est\u00e1 de acuerdo con que sus datos personales puedan quedar bajo cobertura de normativas de este tipo, WORKSPACE recomienda que no acepte esta Pol\u00edtica.<\/p>\n<p><strong><\/strong><\/p>\n<p><strong>DESACTIVACI\u00d3N Y ELIMINACI\u00d3N DE COOKIES<\/strong><\/p>\n<p>Desactivaci\u00f3n y eliminaci\u00f3n de cookies Tienes la opci\u00f3n de permitir, bloquear o eliminar las cookies instaladas en tu equipo mediante la configuraci\u00f3n de las opciones del navegador instalado en su equipo. Al desactivar cookies, algunos de los servicios disponibles podr\u00edan dejar de estar operativos. La forma de deshabilitar las cookies es diferente para cada navegador, pero normalmente puede hacerse desde el men\u00fa Herramientas u Opciones. Tambi\u00e9n puede consultarse el men\u00fa de Ayuda del navegador d\u00f3nde puedes encontrar instrucciones. El usuario podr\u00e1 en cualquier momento elegir qu\u00e9 cookies quiere que funcionen en este sitio web. Puede usted permitir, bloquear o eliminar las cookies instaladas en su equipo mediante la configuraci\u00f3n de las opciones del navegador instalado en su ordenador.<\/p>\n<p>Para que Usted pueda ejercer los derechos reconocidos en el RGPD sobre la utilizaci\u00f3n de Cookies, le facilitamos la siguiente informaci\u00f3n: Podr\u00e1 dirigirse al Responsable de Protecci\u00f3n de Datos, a trav\u00e9s de correo electr\u00f3nico info@workspace.es especificando el derecho que desea ejercer. Podr\u00e1 enviar al correo mencionado sus dudas, sugerencias o reclamaciones, as\u00ed como manifestar una queja o reclamaci\u00f3n ante la Agencia Espa\u00f1ola de Protecci\u00f3n de Datos.<\/p>\n<p>&nbsp;<\/p>\n<p><strong>GARANT\u00cdAS SOBRE EL USO DE LAS COOKIES<\/strong><\/p>\n<p>Las cookies utilizadas por este sitio Web \u00fanicamente est\u00e1n asociados con usuarios an\u00f3nimos y su ordenador y no proporcionar\u00e1n por s\u00ed mismas datos personales sobre ninguno de los usuarios que hayan accedido a la p\u00e1gina web.<br \/>En ning\u00fan caso las cookies obtienen datos personales que sirva de identificaci\u00f3n a un usuario particular.<br \/>Las cookies utilizadas en la Web son de car\u00e1cter temporal, con la \u00fanica finalidad de que la navegaci\u00f3n sea m\u00e1s sencilla.<br \/>Los usuarios tienen la posibilidad de configurar su navegador para ser avisados de la recepci\u00f3n de cookies y para impedir la instalaci\u00f3n en su equipo. El usuario, al eliminar las cookies o deshabilitarlas, se expone a no poder acceder a determinadas funcionalidades de la Web.<\/p>\n<p>&nbsp;<\/p>\n<p><strong>REVISIONES DE ESTA POL\u00cdTICA:<\/strong><\/p>\n<p>WORKSPACE podr\u00e1 modificar esta Pol\u00edtica de Cookies por exigencias normativas o bien siguiendo instrucciones dictadas por la Agencia Espa\u00f1ola de Protecci\u00f3n de Datos. Si existiera cambios significativos en esta Pol\u00edtica, WORKSPACE podr\u00eda restablecer valores de nuestras Cookies y volver a solicitar consentimiento para el uso de las mismas. La relaci\u00f3n de Cookies utilizadas se actualiza y revisa peri\u00f3dicamente, y aunque es posible que durante la actualizaci\u00f3n la relaci\u00f3n pueda estar temporalmente desactualizada, el prop\u00f3sito y funcionalidad de las Cookies no ser\u00e1 diferente de las Cookies ya mencionadas. Si desea alguna aclaraci\u00f3n adicional sobre qu\u00e9 uso hacemos de las Cookies, puede enviarnos un e-mail a info@workspace.es<\/p>\n<p>[\/et_pb_text][\/et_pb_column][\/et_pb_row][\/et_pb_section]<\/p>\n","protected":false},"excerpt":{"rendered":"<p>POL\u00cdTICA DE COOKIES \u00bfQU\u00c9 SON LAS COOKIES? Las cookies son archivos que se pueden descargar en su equipo a trav\u00e9s de las p\u00e1ginas web. Son herramientas que tienen un papel esencial para la prestaci\u00f3n de numerosos servicios de la sociedad de la informaci\u00f3n. Entre otros, permiten a una p\u00e1gina web almacenar y recuperar informaci\u00f3n sobre [&hellip;]<\/p>\n","protected":false},"author":1,"featured_media":0,"parent":0,"menu_order":0,"comment_status":"closed","ping_status":"closed","template":"","meta":{"_et_pb_use_builder":"on","_et_pb_old_content":"","_et_gb_content_width":"","_monsterinsights_skip_tracking":false,"_monsterinsights_sitenote_active":false,"_monsterinsights_sitenote_note":"","_monsterinsights_sitenote_category":0,"_joinchat":[],"footnotes":""},"class_list":["post-4331","page","type-page","status-publish","hentry"],"yoast_head":"<!-- This site is optimized with the Yoast SEO Premium plugin v26.8 (Yoast SEO v27.3) - https:\/\/yoast.com\/product\/yoast-seo-premium-wordpress\/ -->\n<title>Pol\u00edtica de Cookies \u2013 Workspace Coworking Almer\u00eda<\/title>\n<meta name=\"description\" content=\"Consulta la Pol\u00edtica de Cookies de Workspace: c\u00f3mo usamos cookies, qu\u00e9 tipos hay y c\u00f3mo puedes gestionarlas para mejorar tu experiencia.\" \/>\n<meta name=\"robots\" content=\"noindex, nofollow\" \/>\n<meta property=\"og:locale\" content=\"en_US\" \/>\n<meta property=\"og:type\" content=\"article\" \/>\n<meta property=\"og:title\" content=\"Pol\u00edtica de Cookies - Workspace Coworking Almer\u00eda\" \/>\n<meta property=\"og:description\" content=\"Pol\u00edtica de Cookies En Workspace Coworking Almer\u00eda, el \u00fanico coworking en un edificio hist\u00f3rico exclusivo en el centro de Almer\u00eda, con espacios flexibles, gesti\u00f3n digital y atenci\u00f3n personalizada para impulsar tu productividad.\" \/>\n<meta property=\"og:url\" content=\"https:\/\/workspace.es\/en\/politica-de-cookies\/\" \/>\n<meta property=\"og:site_name\" content=\"Workspace Coworking Almer\u00eda\" \/>\n<meta property=\"article:publisher\" content=\"https:\/\/www.facebook.com\/workspacecoworking\" \/>\n<meta property=\"article:modified_time\" content=\"2026-02-16T08:30:12+00:00\" \/>\n<meta property=\"og:image\" content=\"https:\/\/workspace.es\/wp-content\/uploads\/2025\/04\/Sensacion-de-desconexion-para-freelancers-geotagged.jpg\" \/>\n\t<meta property=\"og:image:width\" content=\"1000\" \/>\n\t<meta property=\"og:image:height\" content=\"666\" \/>\n\t<meta property=\"og:image:type\" content=\"image\/jpeg\" \/>\n<meta name=\"twitter:card\" content=\"summary_large_image\" \/>\n<meta name=\"twitter:site\" content=\"@workspacees\" \/>\n<meta name=\"twitter:label1\" content=\"Est. reading time\" \/>\n\t<meta name=\"twitter:data1\" content=\"4 minutes\" \/>\n<script type=\"application\/ld+json\" class=\"yoast-schema-graph\">{\"@context\":\"https:\\\/\\\/schema.org\",\"@graph\":[{\"@type\":\"WebPage\",\"@id\":\"https:\\\/\\\/workspace.es\\\/politica-de-cookies\\\/\",\"url\":\"https:\\\/\\\/workspace.es\\\/politica-de-cookies\\\/\",\"name\":\"Pol\u00edtica de Cookies \u2013 Workspace Coworking Almer\u00eda\",\"isPartOf\":{\"@id\":\"https:\\\/\\\/workspace.es\\\/#website\"},\"datePublished\":\"2018-08-27T10:42:58+00:00\",\"dateModified\":\"2026-02-16T08:30:12+00:00\",\"description\":\"Consulta la Pol\u00edtica de Cookies de Workspace: c\u00f3mo usamos cookies, qu\u00e9 tipos hay y c\u00f3mo puedes gestionarlas para mejorar tu experiencia.\",\"breadcrumb\":{\"@id\":\"https:\\\/\\\/workspace.es\\\/politica-de-cookies\\\/#breadcrumb\"},\"inLanguage\":\"en-US\",\"potentialAction\":[{\"@type\":\"ReadAction\",\"target\":[\"https:\\\/\\\/workspace.es\\\/politica-de-cookies\\\/\"]}]},{\"@type\":\"BreadcrumbList\",\"@id\":\"https:\\\/\\\/workspace.es\\\/politica-de-cookies\\\/#breadcrumb\",\"itemListElement\":[{\"@type\":\"ListItem\",\"position\":1,\"name\":\"INICIO\",\"item\":\"https:\\\/\\\/workspace.es\\\/\"},{\"@type\":\"ListItem\",\"position\":2,\"name\":\"Pol\u00edtica de Cookies\"}]},{\"@type\":\"WebSite\",\"@id\":\"https:\\\/\\\/workspace.es\\\/#website\",\"url\":\"https:\\\/\\\/workspace.es\\\/\",\"name\":\"Workspace Coworking Almer\u00eda\",\"description\":\"Coworking en Almer\u00eda para empresas y profesionales: puestos de trabajo, salas y oficina virtual en un edificio hist\u00f3rico exclusivo.\",\"publisher\":{\"@id\":\"https:\\\/\\\/workspace.es\\\/#organization\"},\"alternateName\":\"Workspace Coworking Almer\u00eda Centro\",\"potentialAction\":[{\"@type\":\"SearchAction\",\"target\":{\"@type\":\"EntryPoint\",\"urlTemplate\":\"https:\\\/\\\/workspace.es\\\/?s={search_term_string}\"},\"query-input\":{\"@type\":\"PropertyValueSpecification\",\"valueRequired\":true,\"valueName\":\"search_term_string\"}}],\"inLanguage\":\"en-US\"},{\"@type\":\"Organization\",\"@id\":\"https:\\\/\\\/workspace.es\\\/#organization\",\"name\":\"Workspace Coworking Almeria\",\"alternateName\":\"WorkSpace Almeria\",\"url\":\"https:\\\/\\\/workspace.es\\\/\",\"logo\":{\"@type\":\"ImageObject\",\"inLanguage\":\"en-US\",\"@id\":\"https:\\\/\\\/workspace.es\\\/#\\\/schema\\\/logo\\\/image\\\/\",\"url\":\"https:\\\/\\\/workspace.es\\\/wp-content\\\/uploads\\\/2024\\\/12\\\/Workspace-vertical.png\",\"contentUrl\":\"https:\\\/\\\/workspace.es\\\/wp-content\\\/uploads\\\/2024\\\/12\\\/Workspace-vertical.png\",\"width\":1500,\"height\":1500,\"caption\":\"Workspace Coworking Almeria\"},\"image\":{\"@id\":\"https:\\\/\\\/workspace.es\\\/#\\\/schema\\\/logo\\\/image\\\/\"},\"sameAs\":[\"https:\\\/\\\/www.facebook.com\\\/workspacecoworking\",\"https:\\\/\\\/x.com\\\/workspacees\",\"https:\\\/\\\/www.instagram.com\\\/workspacecoworking\\\/\",\"https:\\\/\\\/www.linkedin.com\\\/company\\\/workspace-coworking-almeria\\\/\"],\"description\":\"Workspace Coworking Almer\u00eda es el \u00fanico coworking en un edificio hist\u00f3rico exclusivo en el centro de Almer\u00eda, con espacios de trabajo flexibles, gesti\u00f3n digital, atenci\u00f3n personalizada y un entorno profesional dise\u00f1ado para rendir al m\u00e1ximo.\",\"email\":\"hola@workspace.es\",\"telephone\":\"625 01 87 67\",\"legalName\":\"Workspace Coworking Almer\u00eda\",\"numberOfEmployees\":{\"@type\":\"QuantitativeValue\",\"minValue\":\"1\",\"maxValue\":\"10\"}}]}<\/script>\n<!-- \/ Yoast SEO Premium plugin. -->","yoast_head_json":{"title":"Pol\u00edtica de Cookies \u2013 Workspace Coworking Almer\u00eda","description":"Consulta la Pol\u00edtica de Cookies de Workspace: c\u00f3mo usamos cookies, qu\u00e9 tipos hay y c\u00f3mo puedes gestionarlas para mejorar tu experiencia.","robots":{"index":"noindex","follow":"nofollow"},"og_locale":"en_US","og_type":"article","og_title":"Pol\u00edtica de Cookies - Workspace Coworking Almer\u00eda","og_description":"Pol\u00edtica de Cookies En Workspace Coworking Almer\u00eda, el \u00fanico coworking en un edificio hist\u00f3rico exclusivo en el centro de Almer\u00eda, con espacios flexibles, gesti\u00f3n digital y atenci\u00f3n personalizada para impulsar tu productividad.","og_url":"https:\/\/workspace.es\/en\/politica-de-cookies\/","og_site_name":"Workspace Coworking Almer\u00eda","article_publisher":"https:\/\/www.facebook.com\/workspacecoworking","article_modified_time":"2026-02-16T08:30:12+00:00","og_image":[{"width":1000,"height":666,"url":"https:\/\/workspace.es\/wp-content\/uploads\/2025\/04\/Sensacion-de-desconexion-para-freelancers-geotagged.jpg","type":"image\/jpeg"}],"twitter_card":"summary_large_image","twitter_site":"@workspacees","twitter_misc":{"Est. reading time":"4 minutes"},"schema":{"@context":"https:\/\/schema.org","@graph":[{"@type":"WebPage","@id":"https:\/\/workspace.es\/politica-de-cookies\/","url":"https:\/\/workspace.es\/politica-de-cookies\/","name":"Pol\u00edtica de Cookies \u2013 Workspace Coworking Almer\u00eda","isPartOf":{"@id":"https:\/\/workspace.es\/#website"},"datePublished":"2018-08-27T10:42:58+00:00","dateModified":"2026-02-16T08:30:12+00:00","description":"Consulta la Pol\u00edtica de Cookies de Workspace: c\u00f3mo usamos cookies, qu\u00e9 tipos hay y c\u00f3mo puedes gestionarlas para mejorar tu experiencia.","breadcrumb":{"@id":"https:\/\/workspace.es\/politica-de-cookies\/#breadcrumb"},"inLanguage":"en-US","potentialAction":[{"@type":"ReadAction","target":["https:\/\/workspace.es\/politica-de-cookies\/"]}]},{"@type":"BreadcrumbList","@id":"https:\/\/workspace.es\/politica-de-cookies\/#breadcrumb","itemListElement":[{"@type":"ListItem","position":1,"name":"INICIO","item":"https:\/\/workspace.es\/"},{"@type":"ListItem","position":2,"name":"Pol\u00edtica de Cookies"}]},{"@type":"WebSite","@id":"https:\/\/workspace.es\/#website","url":"https:\/\/workspace.es\/","name":"Workspace Coworking Almeria","description":"Coworking in Almeria for companies and professionals: workstations, rooms and virtual office in an exclusive historic building.","publisher":{"@id":"https:\/\/workspace.es\/#organization"},"alternateName":"Workspace Coworking Almer\u00eda Centro","potentialAction":[{"@type":"SearchAction","target":{"@type":"EntryPoint","urlTemplate":"https:\/\/workspace.es\/?s={search_term_string}"},"query-input":{"@type":"PropertyValueSpecification","valueRequired":true,"valueName":"search_term_string"}}],"inLanguage":"en-US"},{"@type":"Organization","@id":"https:\/\/workspace.es\/#organization","name":"Workspace Coworking Almeria","alternateName":"WorkSpace Almeria","url":"https:\/\/workspace.es\/","logo":{"@type":"ImageObject","inLanguage":"en-US","@id":"https:\/\/workspace.es\/#\/schema\/logo\/image\/","url":"https:\/\/workspace.es\/wp-content\/uploads\/2024\/12\/Workspace-vertical.png","contentUrl":"https:\/\/workspace.es\/wp-content\/uploads\/2024\/12\/Workspace-vertical.png","width":1500,"height":1500,"caption":"Workspace Coworking Almeria"},"image":{"@id":"https:\/\/workspace.es\/#\/schema\/logo\/image\/"},"sameAs":["https:\/\/www.facebook.com\/workspacecoworking","https:\/\/x.com\/workspacees","https:\/\/www.instagram.com\/workspacecoworking\/","https:\/\/www.linkedin.com\/company\/workspace-coworking-almeria\/"],"description":"Workspace Coworking Almer\u00eda es el \u00fanico coworking en un edificio hist\u00f3rico exclusivo en el centro de Almer\u00eda, con espacios de trabajo flexibles, gesti\u00f3n digital, atenci\u00f3n personalizada y un entorno profesional dise\u00f1ado para rendir al m\u00e1ximo.","email":"hola@workspace.es","telephone":"625 01 87 67","legalName":"Workspace Coworking Almer\u00eda","numberOfEmployees":{"@type":"QuantitativeValue","minValue":"1","maxValue":"10"}}]}},"_links":{"self":[{"href":"https:\/\/workspace.es\/en\/wp-json\/wp\/v2\/pages\/4331","targetHints":{"allow":["GET"]}}],"collection":[{"href":"https:\/\/workspace.es\/en\/wp-json\/wp\/v2\/pages"}],"about":[{"href":"https:\/\/workspace.es\/en\/wp-json\/wp\/v2\/types\/page"}],"author":[{"embeddable":true,"href":"https:\/\/workspace.es\/en\/wp-json\/wp\/v2\/users\/1"}],"replies":[{"embeddable":true,"href":"https:\/\/workspace.es\/en\/wp-json\/wp\/v2\/comments?post=4331"}],"version-history":[{"count":15,"href":"https:\/\/workspace.es\/en\/wp-json\/wp\/v2\/pages\/4331\/revisions"}],"predecessor-version":[{"id":12196,"href":"https:\/\/workspace.es\/en\/wp-json\/wp\/v2\/pages\/4331\/revisions\/12196"}],"wp:attachment":[{"href":"https:\/\/workspace.es\/en\/wp-json\/wp\/v2\/media?parent=4331"}],"curies":[{"name":"wp","href":"https:\/\/api.w.org\/{rel}","templated":true}]}}