{"id":4329,"date":"2018-08-27T10:40:27","date_gmt":"2018-08-27T10:40:27","guid":{"rendered":"https:\/\/workspace.es\/?page_id=4329"},"modified":"2026-02-16T08:29:14","modified_gmt":"2026-02-16T08:29:14","slug":"politica-de-privacidad","status":"publish","type":"page","link":"https:\/\/workspace.es\/en\/politica-de-privacidad\/","title":{"rendered":"Privacy Policy"},"content":{"rendered":"<p>[et_pb_section fb_built=\u00bb1&#8243; _builder_version=\u00bb4.16&#8243; global_colors_info=\u00bb{}\u00bb][et_pb_row _builder_version=\u00bb4.16&#8243; global_colors_info=\u00bb{}\u00bb][et_pb_column type=\u00bb4_4&#8243; _builder_version=\u00bb4.16&#8243; global_colors_info=\u00bb{}\u00bb][et_pb_text _builder_version=\u00bb4.16&#8243; global_colors_info=\u00bb{}\u00bb]<\/p>\n<p><strong><span style=\"font-size: 30px; color: #0076be;\">POL\u00cdTICA DE PRIVACIDAD<\/span><\/strong><\/p>\n<p><strong>1. General<\/strong><\/p>\n<p>La presente \u00abPol\u00edtica de Privacidad\u00bb recoge las reglas que rigen la recogida y tratamiento de datos personales por parte de Luis Fernando Roca de la Cruz (En adelante \u201cWORKSPACE\u201d), con domicilio social en calle Arr\u00e1ez 11 Cp. 04002 Almer\u00eda, con NIF 50862163D a trav\u00e9s de esta p\u00e1gina web.<br \/>WORKSPACE garantiza que estas labores de recogida y tratamiento de datos cumplir\u00e1, en todo momento, la normativa vigente en materia de protecci\u00f3n de datos de car\u00e1cter personal.<\/p>\n<p><strong><\/strong><\/p>\n<p><strong>2. Objeto<\/strong><\/p>\n<p>La empresa WORKSPACE, cumple el Reglamento (EU) 2016\/679, de 27 de abril de 2016 (en adelante, RGPD), y con y la Ley Org\u00e1nica 3\/2018, de 5 de diciembre, de Protecci\u00f3n de Datos Personales y Garant\u00eda de los Derechos Digitales. As\u00ed mismo adaptar\u00e1 su comportamiento a cualquier otra norma que venga a complementar o sustituir a las anteriores.<br \/>La pol\u00edtica de privacidad afecta a todos los Usuarios que, mediante navegaci\u00f3n, accedan a los Servicios.<\/p>\n<p>&nbsp;<\/p>\n<p><strong>3. Responsable del Tratamiento<\/strong><\/p>\n<p>WORKSPACE, con domicilio social en calle Arr\u00e1ez 11 Cp. 04002 Almer\u00eda con n\u00famero de NIF: E50862163D tel\u00e9fono 687463868 y direcci\u00f3n de correo electr\u00f3nico: info@workspace.es, ser\u00e1 responsable de los datos de car\u00e1cter personal recabados a trav\u00e9s la P\u00e1gina Web.<\/p>\n<p>El Usuario, en el momento de proceder al registro de sus datos en la\u00a0P\u00e1gina Web y al aceptar estas condiciones, est\u00e1 otorgando su consentimiento expreso para que sus datos sean incorporados a ficheros y tratamientos creados y gestionados por WORKSPACE.<\/p>\n<p>Los datos de car\u00e1cter personal recabados directamente del interesado ser\u00e1n tratados de forma confidencial y quedar\u00e1n incorporados a la correspondiente actividad de tratamiento titularidad WORKSPACE..<\/p>\n<p>&nbsp;<\/p>\n<p><strong>4. Finalidades<\/strong><\/p>\n<p>Los datos personales proporcionados por el interesado ser\u00e1n tratados con las finalidades a continuaci\u00f3n expuestas:<\/p>\n<p>FINALIDAD 1: Prestaci\u00f3n de Servicios de Arrendamientos de Servicios.<br \/>Se le prestan los servicios en funci\u00f3n de las tarifas contratadas. Entre los servicios que se prestan puedes encontrar: designar tu domicilio social, internet, sala de reuniones, plataforma online, servicio de copister\u00eda, seguridad, etc.<\/p>\n<p>FINALIDAD 2: Env\u00edo de Informaci\u00f3n y\/o Publicidad de nuestros productos o servicios.<br \/>As\u00ed mismo se usar\u00e1n los datos personales para enviarle comunicaciones relacionadas con la prestaci\u00f3n, mejora y actualizaci\u00f3n de nuestros servicios, as\u00ed como informaci\u00f3n publicitaria sobre promociones aplicables al producto\/servicio, o env\u00edo de informaci\u00f3n relativa a normativas e innovaciones del sector.<br \/>Esta informaci\u00f3n publicitaria ser\u00e1 remitida por cualquier canal (mensajes de WhatsApp, correos electr\u00f3nicos, etc). En cualquier momento se permitir\u00e1 al cliente oponerse al env\u00edo de nuevas comunicaciones comerciales pudiendo hacer uso de este derecho a trav\u00e9s de la direcci\u00f3n de correo electr\u00f3nico expuesta en el punto 3 del presente documento.<\/p>\n<p>&nbsp;<\/p>\n<p><strong>5. Legitimaci\u00f3n<\/strong><\/p>\n<p>La comunicaci\u00f3n de los datos personales mediante formulario de contacto por lo que la base legitimadora del tratamiento de sus datos personales es su consentimiento afirmativo.<\/p>\n<p>&nbsp;<\/p>\n<p><strong>6. Usuarios<\/strong><\/p>\n<p>En caso de que el Usuario, en alg\u00fan momento posterior al registro, quisiera variar sus preferencias en cuanto a la recepci\u00f3n de comunicaciones, podr\u00e1 revocar su consentimiento. En todo momento, el Responsable del Tratamiento se comprometen a respetar la confidencialidad de sus Datos Personales.<\/p>\n<p>Respecto al ejercicio de derechos, el Usuario podr\u00e1 ejercer los derechos de acceso, rectificaci\u00f3n, cancelaci\u00f3n, oposici\u00f3n, supresi\u00f3n, limitaci\u00f3n y, portabilidad, dirigi\u00e9ndose al Responsable de Tratamiento, a trav\u00e9s de correo electr\u00f3nico a la direcci\u00f3n info@workspace.es desde la direcci\u00f3n de email que utiliz\u00f3 en el momento de registrarse, acreditando su identidad mediante su DNI o documento equivalente, y especificando el derecho que desea ejercer. Se recomienda que el Usuario facilite toda la informaci\u00f3n sobre los Servicios que utiliza o ha utilizado, as\u00ed como los datos personales que facilit\u00f3 en el momento de registrarse para poder atender adecuadamente su solicitud.<\/p>\n<p>El Usuario podr\u00e1 adem\u00e1s enviar a la direcci\u00f3n\u00a0info@workspace.es sus dudas, sugerencias o reclamaciones, as\u00ed como manifestar una queja o reclamaci\u00f3n ante la Agencia Espa\u00f1ola de Protecci\u00f3n de Datos.<\/p>\n<p>&nbsp;<\/p>\n<p><strong>7. Tipos de datos recogidos a trav\u00e9s de la p\u00e1gina web<\/strong><\/p>\n<p>WORKSPACE recoger\u00e1 los siguientes datos personales del usuario a trav\u00e9s de las siguientes fuentes:<br \/>1. FORMULARIO DE INSCRIPCI\u00d3N<br \/>Datos identificativos (nombre, apellidos, NIF, direcci\u00f3n postal, tel\u00e9fono, correo electr\u00f3nico, pa\u00eds, foto, g\u00e9nero, etc)<\/p>\n<p>Los Usuarios responder\u00e1n, en cualquier caso, de la veracidad de los datos facilitados y se hacen responsables de comunicar a WORKSPACE cualquier modificaci\u00f3n en los mismos a trav\u00e9s del correo info@workspace.es, quedando WORKSPACE exenta de cualquier tipo de responsabilidad en caso contrario.<\/p>\n<p>&nbsp;<\/p>\n<p><strong>8. Cesiones de datos<\/strong><\/p>\n<p>En ning\u00fan caso, los datos personales se ceder\u00e1n por parte de WORKSPACE a Terceros sin el previo consentimiento de los Usuarios, salvo en aquellos casos en los que fuere imprescindible para la correcta prestaci\u00f3n del servicio o en los casos en que exista una obligaci\u00f3n legal.<\/p>\n<p>&nbsp;<\/p>\n<p><strong>9. Plazo de conservaci\u00f3n de los datos<\/strong><\/p>\n<p>Los datos personales se conservar\u00e1n mientras se mantenga los servicios solicitados y no se solicite la supresi\u00f3n por el interesado.<\/p>\n<p>&nbsp;<\/p>\n<p><strong>10. Modificaci\u00f3n de la pol\u00edtica de privacidad<\/strong><\/p>\n<p>WORKSPACE se reserva el derecho a modificar, en cualquier momento, la presente Pol\u00edtica de Privacidad comprometi\u00e9ndose a comunicar las nuevas condiciones que se han introducido.<\/p>\n<p>[\/et_pb_text][\/et_pb_column][\/et_pb_row][\/et_pb_section]<\/p>\n","protected":false},"excerpt":{"rendered":"<p>POL\u00cdTICA DE PRIVACIDAD 1. General La presente \u00abPol\u00edtica de Privacidad\u00bb recoge las reglas que rigen la recogida y tratamiento de datos personales por parte de Luis Fernando Roca de la Cruz (En adelante \u201cWORKSPACE\u201d), con domicilio social en calle Arr\u00e1ez 11 Cp. 04002 Almer\u00eda, con NIF 50862163D a trav\u00e9s de esta p\u00e1gina web.WORKSPACE garantiza que [&hellip;]<\/p>\n","protected":false},"author":1,"featured_media":0,"parent":0,"menu_order":0,"comment_status":"closed","ping_status":"closed","template":"","meta":{"_et_pb_use_builder":"on","_et_pb_old_content":"","_et_gb_content_width":"","_monsterinsights_skip_tracking":false,"_monsterinsights_sitenote_active":false,"_monsterinsights_sitenote_note":"","_monsterinsights_sitenote_category":0,"_joinchat":[],"footnotes":""},"class_list":["post-4329","page","type-page","status-publish","hentry"],"yoast_head":"<!-- This site is optimized with the Yoast SEO Premium plugin v26.8 (Yoast SEO v27.3) - https:\/\/yoast.com\/product\/yoast-seo-premium-wordpress\/ -->\n<title>Pol\u00edtica de Privacidad \u2013 Workspace Coworking Almer\u00eda<\/title>\n<meta name=\"description\" content=\"Consulta la Pol\u00edtica de Privacidad de Workspace: c\u00f3mo tratamos tus datos y protegemos tu informaci\u00f3n personal seg\u00fan la normativa vigente.\" \/>\n<meta name=\"robots\" content=\"noindex, nofollow\" \/>\n<meta property=\"og:locale\" content=\"en_US\" \/>\n<meta property=\"og:type\" content=\"article\" \/>\n<meta property=\"og:title\" content=\"Pol\u00edtica de privacidad - Workspace Coworking Almer\u00eda\" \/>\n<meta property=\"og:description\" content=\"Pol\u00edtica de privacidad En Workspace Coworking Almer\u00eda, el \u00fanico coworking en un edificio hist\u00f3rico exclusivo en el centro de Almer\u00eda, con espacios flexibles, gesti\u00f3n digital y atenci\u00f3n personalizada para impulsar tu productividad.\" \/>\n<meta property=\"og:url\" content=\"https:\/\/workspace.es\/en\/politica-de-privacidad\/\" \/>\n<meta property=\"og:site_name\" content=\"Workspace Coworking Almer\u00eda\" \/>\n<meta property=\"article:publisher\" content=\"https:\/\/www.facebook.com\/workspacecoworking\" \/>\n<meta property=\"article:modified_time\" content=\"2026-02-16T08:29:14+00:00\" \/>\n<meta property=\"og:image\" content=\"https:\/\/workspace.es\/wp-content\/uploads\/2025\/04\/Sensacion-de-desconexion-para-freelancers-geotagged.jpg\" \/>\n\t<meta property=\"og:image:width\" content=\"1000\" \/>\n\t<meta property=\"og:image:height\" content=\"666\" \/>\n\t<meta property=\"og:image:type\" content=\"image\/jpeg\" \/>\n<meta name=\"twitter:card\" content=\"summary_large_image\" \/>\n<meta name=\"twitter:site\" content=\"@workspacees\" \/>\n<meta name=\"twitter:label1\" content=\"Est. reading time\" \/>\n\t<meta name=\"twitter:data1\" content=\"4 minutes\" \/>\n<script type=\"application\/ld+json\" class=\"yoast-schema-graph\">{\"@context\":\"https:\\\/\\\/schema.org\",\"@graph\":[{\"@type\":\"WebPage\",\"@id\":\"https:\\\/\\\/workspace.es\\\/politica-de-privacidad\\\/\",\"url\":\"https:\\\/\\\/workspace.es\\\/politica-de-privacidad\\\/\",\"name\":\"Pol\u00edtica de Privacidad \u2013 Workspace Coworking Almer\u00eda\",\"isPartOf\":{\"@id\":\"https:\\\/\\\/workspace.es\\\/#website\"},\"datePublished\":\"2018-08-27T10:40:27+00:00\",\"dateModified\":\"2026-02-16T08:29:14+00:00\",\"description\":\"Consulta la Pol\u00edtica de Privacidad de Workspace: c\u00f3mo tratamos tus datos y protegemos tu informaci\u00f3n personal seg\u00fan la normativa vigente.\",\"breadcrumb\":{\"@id\":\"https:\\\/\\\/workspace.es\\\/politica-de-privacidad\\\/#breadcrumb\"},\"inLanguage\":\"en-US\",\"potentialAction\":[{\"@type\":\"ReadAction\",\"target\":[\"https:\\\/\\\/workspace.es\\\/politica-de-privacidad\\\/\"]}]},{\"@type\":\"BreadcrumbList\",\"@id\":\"https:\\\/\\\/workspace.es\\\/politica-de-privacidad\\\/#breadcrumb\",\"itemListElement\":[{\"@type\":\"ListItem\",\"position\":1,\"name\":\"INICIO\",\"item\":\"https:\\\/\\\/workspace.es\\\/\"},{\"@type\":\"ListItem\",\"position\":2,\"name\":\"Pol\u00edtica de privacidad\"}]},{\"@type\":\"WebSite\",\"@id\":\"https:\\\/\\\/workspace.es\\\/#website\",\"url\":\"https:\\\/\\\/workspace.es\\\/\",\"name\":\"Workspace Coworking Almer\u00eda\",\"description\":\"Coworking en Almer\u00eda para empresas y profesionales: puestos de trabajo, salas y oficina virtual en un edificio hist\u00f3rico exclusivo.\",\"publisher\":{\"@id\":\"https:\\\/\\\/workspace.es\\\/#organization\"},\"alternateName\":\"Workspace Coworking Almer\u00eda Centro\",\"potentialAction\":[{\"@type\":\"SearchAction\",\"target\":{\"@type\":\"EntryPoint\",\"urlTemplate\":\"https:\\\/\\\/workspace.es\\\/?s={search_term_string}\"},\"query-input\":{\"@type\":\"PropertyValueSpecification\",\"valueRequired\":true,\"valueName\":\"search_term_string\"}}],\"inLanguage\":\"en-US\"},{\"@type\":\"Organization\",\"@id\":\"https:\\\/\\\/workspace.es\\\/#organization\",\"name\":\"Workspace Coworking Almeria\",\"alternateName\":\"WorkSpace Almeria\",\"url\":\"https:\\\/\\\/workspace.es\\\/\",\"logo\":{\"@type\":\"ImageObject\",\"inLanguage\":\"en-US\",\"@id\":\"https:\\\/\\\/workspace.es\\\/#\\\/schema\\\/logo\\\/image\\\/\",\"url\":\"https:\\\/\\\/workspace.es\\\/wp-content\\\/uploads\\\/2024\\\/12\\\/Workspace-vertical.png\",\"contentUrl\":\"https:\\\/\\\/workspace.es\\\/wp-content\\\/uploads\\\/2024\\\/12\\\/Workspace-vertical.png\",\"width\":1500,\"height\":1500,\"caption\":\"Workspace Coworking Almeria\"},\"image\":{\"@id\":\"https:\\\/\\\/workspace.es\\\/#\\\/schema\\\/logo\\\/image\\\/\"},\"sameAs\":[\"https:\\\/\\\/www.facebook.com\\\/workspacecoworking\",\"https:\\\/\\\/x.com\\\/workspacees\",\"https:\\\/\\\/www.instagram.com\\\/workspacecoworking\\\/\",\"https:\\\/\\\/www.linkedin.com\\\/company\\\/workspace-coworking-almeria\\\/\"],\"description\":\"Workspace Coworking Almer\u00eda es el \u00fanico coworking en un edificio hist\u00f3rico exclusivo en el centro de Almer\u00eda, con espacios de trabajo flexibles, gesti\u00f3n digital, atenci\u00f3n personalizada y un entorno profesional dise\u00f1ado para rendir al m\u00e1ximo.\",\"email\":\"hola@workspace.es\",\"telephone\":\"625 01 87 67\",\"legalName\":\"Workspace Coworking Almer\u00eda\",\"numberOfEmployees\":{\"@type\":\"QuantitativeValue\",\"minValue\":\"1\",\"maxValue\":\"10\"}}]}<\/script>\n<!-- \/ Yoast SEO Premium plugin. -->","yoast_head_json":{"title":"Pol\u00edtica de Privacidad \u2013 Workspace Coworking Almer\u00eda","description":"Consulta la Pol\u00edtica de Privacidad de Workspace: c\u00f3mo tratamos tus datos y protegemos tu informaci\u00f3n personal seg\u00fan la normativa vigente.","robots":{"index":"noindex","follow":"nofollow"},"og_locale":"en_US","og_type":"article","og_title":"Pol\u00edtica de privacidad - Workspace Coworking Almer\u00eda","og_description":"Pol\u00edtica de privacidad En Workspace Coworking Almer\u00eda, el \u00fanico coworking en un edificio hist\u00f3rico exclusivo en el centro de Almer\u00eda, con espacios flexibles, gesti\u00f3n digital y atenci\u00f3n personalizada para impulsar tu productividad.","og_url":"https:\/\/workspace.es\/en\/politica-de-privacidad\/","og_site_name":"Workspace Coworking Almer\u00eda","article_publisher":"https:\/\/www.facebook.com\/workspacecoworking","article_modified_time":"2026-02-16T08:29:14+00:00","og_image":[{"width":1000,"height":666,"url":"https:\/\/workspace.es\/wp-content\/uploads\/2025\/04\/Sensacion-de-desconexion-para-freelancers-geotagged.jpg","type":"image\/jpeg"}],"twitter_card":"summary_large_image","twitter_site":"@workspacees","twitter_misc":{"Est. reading time":"4 minutes"},"schema":{"@context":"https:\/\/schema.org","@graph":[{"@type":"WebPage","@id":"https:\/\/workspace.es\/politica-de-privacidad\/","url":"https:\/\/workspace.es\/politica-de-privacidad\/","name":"Pol\u00edtica de Privacidad \u2013 Workspace Coworking Almer\u00eda","isPartOf":{"@id":"https:\/\/workspace.es\/#website"},"datePublished":"2018-08-27T10:40:27+00:00","dateModified":"2026-02-16T08:29:14+00:00","description":"Consulta la Pol\u00edtica de Privacidad de Workspace: c\u00f3mo tratamos tus datos y protegemos tu informaci\u00f3n personal seg\u00fan la normativa vigente.","breadcrumb":{"@id":"https:\/\/workspace.es\/politica-de-privacidad\/#breadcrumb"},"inLanguage":"en-US","potentialAction":[{"@type":"ReadAction","target":["https:\/\/workspace.es\/politica-de-privacidad\/"]}]},{"@type":"BreadcrumbList","@id":"https:\/\/workspace.es\/politica-de-privacidad\/#breadcrumb","itemListElement":[{"@type":"ListItem","position":1,"name":"INICIO","item":"https:\/\/workspace.es\/"},{"@type":"ListItem","position":2,"name":"Pol\u00edtica de privacidad"}]},{"@type":"WebSite","@id":"https:\/\/workspace.es\/#website","url":"https:\/\/workspace.es\/","name":"Workspace Coworking Almeria","description":"Coworking in Almeria for companies and professionals: workstations, rooms and virtual office in an exclusive historic building.","publisher":{"@id":"https:\/\/workspace.es\/#organization"},"alternateName":"Workspace Coworking Almer\u00eda Centro","potentialAction":[{"@type":"SearchAction","target":{"@type":"EntryPoint","urlTemplate":"https:\/\/workspace.es\/?s={search_term_string}"},"query-input":{"@type":"PropertyValueSpecification","valueRequired":true,"valueName":"search_term_string"}}],"inLanguage":"en-US"},{"@type":"Organization","@id":"https:\/\/workspace.es\/#organization","name":"Workspace Coworking Almeria","alternateName":"WorkSpace Almeria","url":"https:\/\/workspace.es\/","logo":{"@type":"ImageObject","inLanguage":"en-US","@id":"https:\/\/workspace.es\/#\/schema\/logo\/image\/","url":"https:\/\/workspace.es\/wp-content\/uploads\/2024\/12\/Workspace-vertical.png","contentUrl":"https:\/\/workspace.es\/wp-content\/uploads\/2024\/12\/Workspace-vertical.png","width":1500,"height":1500,"caption":"Workspace Coworking Almeria"},"image":{"@id":"https:\/\/workspace.es\/#\/schema\/logo\/image\/"},"sameAs":["https:\/\/www.facebook.com\/workspacecoworking","https:\/\/x.com\/workspacees","https:\/\/www.instagram.com\/workspacecoworking\/","https:\/\/www.linkedin.com\/company\/workspace-coworking-almeria\/"],"description":"Workspace Coworking Almer\u00eda es el \u00fanico coworking en un edificio hist\u00f3rico exclusivo en el centro de Almer\u00eda, con espacios de trabajo flexibles, gesti\u00f3n digital, atenci\u00f3n personalizada y un entorno profesional dise\u00f1ado para rendir al m\u00e1ximo.","email":"hola@workspace.es","telephone":"625 01 87 67","legalName":"Workspace Coworking Almer\u00eda","numberOfEmployees":{"@type":"QuantitativeValue","minValue":"1","maxValue":"10"}}]}},"_links":{"self":[{"href":"https:\/\/workspace.es\/en\/wp-json\/wp\/v2\/pages\/4329","targetHints":{"allow":["GET"]}}],"collection":[{"href":"https:\/\/workspace.es\/en\/wp-json\/wp\/v2\/pages"}],"about":[{"href":"https:\/\/workspace.es\/en\/wp-json\/wp\/v2\/types\/page"}],"author":[{"embeddable":true,"href":"https:\/\/workspace.es\/en\/wp-json\/wp\/v2\/users\/1"}],"replies":[{"embeddable":true,"href":"https:\/\/workspace.es\/en\/wp-json\/wp\/v2\/comments?post=4329"}],"version-history":[{"count":15,"href":"https:\/\/workspace.es\/en\/wp-json\/wp\/v2\/pages\/4329\/revisions"}],"predecessor-version":[{"id":12195,"href":"https:\/\/workspace.es\/en\/wp-json\/wp\/v2\/pages\/4329\/revisions\/12195"}],"wp:attachment":[{"href":"https:\/\/workspace.es\/en\/wp-json\/wp\/v2\/media?parent=4329"}],"curies":[{"name":"wp","href":"https:\/\/api.w.org\/{rel}","templated":true}]}}