{"id":4148,"date":"2018-08-14T06:20:21","date_gmt":"2018-08-14T06:20:21","guid":{"rendered":"https:\/\/workspace.es\/?page_id=4148"},"modified":"2026-04-08T09:38:40","modified_gmt":"2026-04-08T09:38:40","slug":"magazine","status":"publish","type":"page","link":"https:\/\/workspace.es\/en\/magazine\/","title":{"rendered":"Magazine"},"content":{"rendered":"<p>[et_pb_section fb_built=\u00bb1&#8243; admin_label=\u00bbProjects Section\u00bb _builder_version=\u00bb4.16&#8243; custom_margin=\u00bb|||\u00bb custom_padding=\u00bb3px||4px|||\u00bb global_colors_info=\u00bb{}\u00bb][et_pb_row admin_label=\u00bbShop Title Area\u00bb _builder_version=\u00bb4.16&#8243; global_colors_info=\u00bb{}\u00bb][et_pb_column type=\u00bb4_4&#8243; _builder_version=\u00bb4.16&#8243; custom_padding=\u00bb|||\u00bb global_colors_info=\u00bb{}\u00bb custom_padding__hover=\u00bb|||\u00bb][et_pb_code _builder_version=\u00bb4.16&#8243; text_orientation=\u00bbright\u00bb global_colors_info=\u00bb{}\u00bb]<span><span><a href=\"https:\/\/workspace.es\/\">INICIO<\/a><\/span><\/span>[\/et_pb_code][et_pb_text admin_label=\u00bbTitle\u00bb _builder_version=\u00bb4.27.4&#8243; text_font=\u00bb||||||||\u00bb header_font=\u00bb||||||||\u00bb header_2_font=\u00bbPoppins|600|||||||\u00bb header_2_font_size=\u00bb36px\u00bb header_2_line_height=\u00bb1.2em\u00bb text_orientation=\u00bbcenter\u00bb max_width=\u00bb550px\u00bb module_alignment=\u00bbcenter\u00bb custom_margin=\u00bb||0px|\u00bb animation_style=\u00bbfade\u00bb locked=\u00bboff\u00bb global_colors_info=\u00bb{}\u00bb]<\/p>\n<h1><strong>MAGAZINE<\/strong><\/h1>\n<p>[\/et_pb_text][et_pb_text admin_label=\u00bbTitle\u00bb _builder_version=\u00bb4.27.4&#8243; text_font=\u00bb||||||||\u00bb header_font=\u00bb||||||||\u00bb header_2_font=\u00bbPoppins|600|||||||\u00bb header_2_font_size=\u00bb36px\u00bb header_2_line_height=\u00bb1.2em\u00bb text_orientation=\u00bbcenter\u00bb max_width=\u00bb550px\u00bb module_alignment=\u00bbcenter\u00bb custom_margin=\u00bb||0px|\u00bb animation_style=\u00bbfade\u00bb locked=\u00bboff\u00bb global_colors_info=\u00bb{}\u00bb][\/et_pb_text][et_pb_divider color=\u00bb#ffc21b\u00bb divider_position=\u00bbcenter\u00bb divider_weight=\u00bb3px\u00bb _builder_version=\u00bb4.27.4&#8243; max_width=\u00bb50px\u00bb module_alignment=\u00bbcenter\u00bb custom_margin=\u00bb||20px|\u00bb animation_style=\u00bbslide\u00bb animation_direction=\u00bbtop\u00bb animation_intensity_slide=\u00bb10%\u00bb animation_starting_opacity=\u00bb100%\u00bb global_module=\u00bb9817&#8243; saved_tabs=\u00bball\u00bb locked=\u00bboff\u00bb global_colors_info=\u00bb{}\u00bb][\/et_pb_divider][et_pb_text _builder_version=\u00bb4.27.4&#8243; text_font=\u00bbPoppins||||||||\u00bb text_font_size=\u00bb18px\u00bb text_line_height=\u00bb1.8em\u00bb text_orientation=\u00bbcenter\u00bb module_alignment=\u00bbcenter\u00bb custom_margin=\u00bb|||\u00bb custom_padding=\u00bb25px||18px||false|false\u00bb animation_style=\u00bbfade\u00bb locked=\u00bboff\u00bb global_colors_info=\u00bb{}\u00bb]<\/p>\n<h2><strong data-start=\"37\" data-end=\"73\">\u00a1Bienvenidos a nuestro magazine!<\/strong><\/h2>\n<p><strong data-start=\"37\" data-end=\"73\"><\/strong><\/p>\n<p data-start=\"325\" data-end=\"449\" class=\"\">Este es el espacio donde compartimos <strong data-start=\"362\" data-end=\"398\">novedades, consejos y tendencias<\/strong> sobre <em data-start=\"405\" data-end=\"448\">coworking, emprendimiento y productividad<\/em>. Encontrar\u00e1s contenido relevante sobre nuestra comunidad y eventos. <strong data-start=\"518\" data-end=\"528\">Adem\u00e1s<\/strong>, te mantenemos al tanto de las mejoras en nuestras instalaciones.<\/p>\n<p data-start=\"325\" data-end=\"449\" class=\"\"><strong data-start=\"597\" data-end=\"615\">De esta manera<\/strong>, podr\u00e1s sacar el m\u00e1ximo partido a tu experiencia en <a href=\"https:\/\/workspace.es\/workspace-coworking-almeria\/\"><strong data-start=\"668\" data-end=\"699\">Workspace Coworking Almer\u00eda<\/strong><\/a> y mantenerte conectado\/a con todo lo que ocurre en nuestro espacio.<\/p>\n<p data-start=\"451\" data-end=\"767\" class=\"\"><strong data-start=\"772\" data-end=\"831\">\u00a1Mantente al d\u00eda y no te pierdas ninguna actualizaci\u00f3n!\u00a0<\/strong><\/p>\n<p data-start=\"451\" data-end=\"767\" class=\"\"><strong data-start=\"772\" data-end=\"831\">Y si tienes alguna duda sobre Workspace,<\/strong> <a data-start=\"443\" data-end=\"525\" rel=\"noopener\" target=\"_new\" class=\"cursor-pointer\" href=\"https:\/\/workspace.es\/workspace-coworking-almeria\/\">\u00a1siempre puedes ponerte en<\/a><a data-start=\"443\" data-end=\"525\" rel=\"noopener\" target=\"_new\" class=\"cursor-pointer\" href=\"https:\/\/workspace.es\/workspace-coworking-almeria\/\">\u00a0<\/a><strong data-start=\"772\" data-end=\"831\"><a data-start=\"443\" data-end=\"525\" rel=\"noopener\" target=\"_new\" class=\"cursor-pointer\" href=\"https:\/\/workspace.es\/workspace-coworking-almeria\/\">contacto con nosotros!<\/a><br \/><\/strong><\/p>\n<p data-start=\"769\" data-end=\"831\" class=\"\">\n<p>[\/et_pb_text][\/et_pb_column][\/et_pb_row][\/et_pb_section][et_pb_section fb_built=\u00bb1&#8243; _builder_version=\u00bb4.16&#8243; global_colors_info=\u00bb{}\u00bb][et_pb_row _builder_version=\u00bb4.16&#8243; hover_enabled=\u00bb0&#8243; global_colors_info=\u00bb{}\u00bb sticky_enabled=\u00bb0&#8243;][et_pb_column type=\u00bb4_4&#8243; _builder_version=\u00bb4.16&#8243; global_colors_info=\u00bb{}\u00bb][et_pb_blog fullwidth=\u00bboff\u00bb posts_number=\u00bb9&#8243; include_categories=\u00bb52,55,1,47,42,544,543,542,all,current\u00bb show_more=\u00bbon\u00bb show_author=\u00bboff\u00bb show_categories=\u00bboff\u00bb _builder_version=\u00bb4.27.5&#8243; hover_enabled=\u00bb0&#8243; global_colors_info=\u00bb{}\u00bb sticky_enabled=\u00bb0&#8243;][\/et_pb_blog][\/et_pb_column][\/et_pb_row][et_pb_row _builder_version=\u00bb4.27.4&#8243; _module_preset=\u00bbdefault\u00bb global_colors_info=\u00bb{}\u00bb][et_pb_column type=\u00bb4_4&#8243; _builder_version=\u00bb4.27.4&#8243; _module_preset=\u00bbdefault\u00bb global_colors_info=\u00bb{}\u00bb][et_pb_social_media_follow _builder_version=\u00bb4.27.4&#8243; _module_preset=\u00bbdefault\u00bb global_module=\u00bb10086&#8243; global_colors_info=\u00bb{}\u00bb][et_pb_social_media_follow_network social_network=\u00bblinkedin\u00bb url=\u00bbhttps:\/\/www.linkedin.com\/company\/workspacecoworking\/\u00bb _builder_version=\u00bb4.27.4&#8243; _module_preset=\u00bbdefault\u00bb background_color=\u00bb#007bb6&#8243; global_colors_info=\u00bb{}\u00bb follow_button=\u00bboff\u00bb url_new_window=\u00bbon\u00bb]linkedin[\/et_pb_social_media_follow_network][et_pb_social_media_follow_network social_network=\u00bbinstagram\u00bb url=\u00bbhttps:\/\/www.instagram.com\/workspacecoworking\/\u00bb _builder_version=\u00bb4.27.4&#8243; _module_preset=\u00bbdefault\u00bb background_color=\u00bb#ea2c59&#8243; global_colors_info=\u00bb{}\u00bb follow_button=\u00bboff\u00bb url_new_window=\u00bbon\u00bb]instagram[\/et_pb_social_media_follow_network][et_pb_social_media_follow_network social_network=\u00bbfacebook\u00bb url=\u00bbhttps:\/\/www.facebook.com\/workspacecoworking\/\u00bb _builder_version=\u00bb4.27.4&#8243; _module_preset=\u00bbdefault\u00bb background_color=\u00bb#3b5998&#8243; global_colors_info=\u00bb{}\u00bb follow_button=\u00bboff\u00bb url_new_window=\u00bbon\u00bb]facebook[\/et_pb_social_media_follow_network][\/et_pb_social_media_follow][\/et_pb_column][\/et_pb_row][\/et_pb_section]<\/p>\n","protected":false},"excerpt":{"rendered":"<p><span><span><a href=\"https:\/\/workspace.es\/\">INICIO<\/a><\/span><\/span>MAGAZINE\u00a1Bienvenidos a nuestro magazine! Este es el espacio donde compartimos novedades, consejos y tendencias sobre coworking, emprendimiento y productividad. Encontrar\u00e1s contenido relevante sobre nuestra comunidad y eventos. Adem\u00e1s, te mantenemos al tanto de las mejoras en nuestras instalaciones. De esta manera, podr\u00e1s sacar el m\u00e1ximo partido a tu experiencia en Workspace Coworking Almer\u00eda y mantenerte [&hellip;]<\/p>\n","protected":false},"author":1,"featured_media":5874,"parent":0,"menu_order":0,"comment_status":"closed","ping_status":"closed","template":"","meta":{"_et_pb_use_builder":"on","_et_pb_old_content":"<!-- wp:fl-builder\/layout --><h1>\n\t\tGeneramos movimiento\n\t<\/h1>\n\t<p><em>Formaci\u00f3n, presentaciones, talleres, networking...<br \/><\/em><\/p>\n\t[wpseo_breadcrumb]\n\t<p><strong>Testimonios de clientes<\/strong><\/p>\n\t<strong>4.9<\/strong>\u00a0de\u00a0<strong>81<\/strong>\u00a0valoraciones<br \/>\n<img src=\"https:\/\/workspace.es\/wp-content\/uploads\/2018\/12\/stars-5.png\" alt=\"\" width=\"204\" height=\"34\" \/>\n\t<p>Calidad humana, seriedad, respeto, compa\u00f1erismo y sinergias con el resto de profesionales hacen de este espacio un lugar de trabajo \u00fanico en el centro de Almer\u00eda.<\/p>\n<img src=\"https:\/\/workspace.es\/wp-content\/uploads\/2018\/12\/stars-5.png\" alt=\"\" width=\"132\" height=\"22\" \/><strong>Fernando Mariano<br \/>\n<\/strong><a href=\"https:\/\/www.netfreelance.es\"  rel=\"nofollow noopener\">netfreelance.es<\/a>\n<p>&nbsp;<\/p>\n\t<p>Un espacio de trabajo equipado perfecto para hacer crecer tu negocio. Una comunidad integrada por profesionales y con muy buen ambiente.<\/p>\n<img src=\"https:\/\/workspace.es\/wp-content\/uploads\/2018\/12\/stars-5.png\" alt=\"\" width=\"132\" height=\"22\" \/><strong>Nacho Benavides<br \/>\n<\/strong><a href=\"http:\/\/seoblinders.com\/\"  rel=\"nofollow noopener\">seoblinders.com<\/a>\n<p>&nbsp;<\/p>\n\t<p>El mejor coworking de Almer\u00eda en cuanto a espacios de trabajo (luz natural), ubicaci\u00f3n (junto al Ayuntamiento), instalaciones y calidad humana!!!<\/p>\n<img src=\"https:\/\/workspace.es\/wp-content\/uploads\/2018\/12\/stars-5.png\" alt=\"\" width=\"132\" height=\"22\" \/><strong>Almudena Amate<br \/>\n<\/strong><a href=\"http:\/\/almudenaamate.com\/\"  rel=\"nofollow noopener\">almudenaamate.com<\/a>\n<p>&nbsp;<\/p>\n\t<p><a href=\"https:\/\/www.google.com\/maps\/place\/WorkSpace+Coworking+Almer%C3%ADa\/@36.8397186,-2.4694053,17z\/data=!4m7!3m6!1s0xd707606fcd55749:0xd0b1c4e4989daf78!8m2!3d36.8397186!4d-2.4672166!9m1!1b1?authuser=1\" target=\"_blank\" rel=\"nofollow noopener noreferrer\">Leer m\u00e1s rese\u00f1as &gt;&gt;\u00a0<\/a><\/p>\n\t<p><strong>Eventos, presentaciones y formaci\u00f3n en Workspace Coworking Almer\u00eda.<\/strong><\/p>\n<hr \/>\nPlaza de la Administraci\u00f3n 1, 1\u00ba Izquierda.<br \/>\nCP. 04003, Almer\u00eda (Almer\u00eda).\n<p> \u00bfNo Sabes c\u00f3mo llegar?   \u00bfNecesitas un parking? <\/p>\n<p>Ll\u00e1manos al tel\u00e9fono <strong>950 65 22 60<\/strong> y te daremos las indicaciones que necesites\u2026<\/p>\n\t<iframe src=\"https:\/\/www.google.com\/maps\/embed\/v1\/place?q=Workspace&key=AIzaSyD09zQ9PNDNNy9TadMuzRV_UsPUoWKntt8\"><\/iframe>\n\t<p><strong>SIGUENOS EN:<\/strong><\/p>\n\t<p><a href=\"https:\/\/www.facebook.com\/workspacecoworking\/\" target=\"_blank\" rel=\"nofollow noopener noreferrer\"><img src=\"https:\/\/workspace.es\/wp-content\/uploads\/2019\/01\/icon-facebook.jpg\" alt=\"\" width=\"22\" height=\"22\" \/><\/a> <a href=\"https:\/\/twitter.com\/workspacees\/\" target=\"_blank\" rel=\"nofollow noopener noreferrer\"><img src=\"https:\/\/workspace.es\/wp-content\/uploads\/2019\/01\/icon-twitter.jpg\" alt=\"\" width=\"22\" height=\"22\" \/><\/a><a href=\"https:\/\/www.instagram.com\/workspacecoworking\/\" target=\"_blank\" rel=\"nofollow noopener noreferrer\"><img src=\"https:\/\/workspace.es\/wp-content\/uploads\/2019\/01\/icon-instagram.jpg\" alt=\"\" width=\"22\" height=\"22\" \/><\/a><a href=\"https:\/\/www.linkedin.com\/groups\/8182571\/\" target=\"_blank\" rel=\"nofollow noopener noreferrer\"><img src=\"https:\/\/workspace.es\/wp-content\/uploads\/2019\/01\/icon-linkedin.jpg\" alt=\"\" width=\"22\" height=\"22\" \/><\/a><\/p>\n\t<p><strong>WORKSPACE COWORKING<\/strong><\/p>\n\t<strong><a href=\"..\/alquiler-espacios-de-trabajo-almeria\/\">ESPACIOS<\/a><br \/>\n<a href=\"..\/alquiler-salas-almeria\/\"  rel=\"follow noopener\">SALAS<\/a><br \/>\n<a href=\"..\/nomadas-digitales\/\"  rel=\"follow noopener\">N\u00d3MADAS DIGITALES<\/a><br \/>\n<a href=\"..\/blog\/\"  rel=\"follow noopener\">ACTUALIDAD<\/a><br \/>\n<a href=\"..\/workspace-almeria\/\"  rel=\"follow noopener\">WORKSPACE<\/a><\/strong>\n\t<p><strong>CONTACTAR:<\/strong><\/p>\n\tPlaza de la Administraci\u00f3n Vieja 1 1\u00baizq<br \/>\n04003 Almer\u00eda - Espa\u00f1a<br \/>\n\n +34 950 652 260 <br \/>\n +34 687 463 868 \n<p> info@workspace.es <\/p>\n\t\t\t\t<img src=\"https:\/\/workspace.es\/wp-content\/uploads\/2019\/01\/Workspace_.gif\" alt=\"Workspace_\" itemprop=\"image\" height=\"39\" width=\"150\" title=\"Workspace_\" onerror=\"this.style.display='none'\"  \/>\n\t<p>Copyright \u00a9\u00a02019 Workspace Coworking Almer\u00eda.\u00a0<a href=\"https:\/\/workspace.es\/politica-de-privacidad\/\"   rel=\"follow noopener\">Aviso Legal<\/a>\u00a0\u2013\u00a0<a href=\"https:\/\/workspace.es\/politica-de-privacidad\/\" rel=\"follow noopener\">Privacidad<\/a>\u00a0\u2013\u00a0<a href=\"https:\/\/workspace.es\/politica-de-cookies\/\" rel=\"follow noopener\"> Cookies<\/a><\/p>\n<!-- \/wp:fl-builder\/layout -->","_et_gb_content_width":"","_monsterinsights_skip_tracking":false,"_monsterinsights_sitenote_active":false,"_monsterinsights_sitenote_note":"","_monsterinsights_sitenote_category":0,"_joinchat":[],"footnotes":""},"class_list":["post-4148","page","type-page","status-publish","has-post-thumbnail","hentry"],"yoast_head":"<!-- This site is optimized with the Yoast SEO Premium plugin v26.8 (Yoast SEO v27.3) - https:\/\/yoast.com\/product\/yoast-seo-premium-wordpress\/ -->\n<title>Blog sobre coworking en Almer\u00eda | Magazine Workspace<\/title>\n<meta name=\"description\" content=\"Art\u00edculos, noticias y consejos sobre coworking en Almer\u00eda. Descubre la comunidad de Workspace y saca m\u00e1s partido a tu espacio de trabajo.\" \/>\n<meta name=\"robots\" content=\"index, follow, max-snippet:-1, max-image-preview:large, max-video-preview:-1\" \/>\n<link rel=\"canonical\" href=\"https:\/\/workspace.es\/en\/magazine\/\" \/>\n<meta property=\"og:locale\" content=\"en_US\" \/>\n<meta property=\"og:type\" content=\"article\" \/>\n<meta property=\"og:title\" content=\"Magazine - Workspace Coworking Almer\u00eda\" \/>\n<meta property=\"og:description\" content=\"Magazine En Workspace Coworking Almer\u00eda, el \u00fanico coworking en un edificio hist\u00f3rico exclusivo en el centro de Almer\u00eda, con espacios flexibles, gesti\u00f3n digital y atenci\u00f3n personalizada para impulsar tu productividad.\" \/>\n<meta property=\"og:url\" content=\"https:\/\/workspace.es\/en\/magazine\/\" \/>\n<meta property=\"og:site_name\" content=\"Workspace Coworking Almer\u00eda\" \/>\n<meta property=\"article:publisher\" content=\"https:\/\/www.facebook.com\/workspacecoworking\" \/>\n<meta property=\"article:modified_time\" content=\"2026-04-08T09:38:40+00:00\" \/>\n<meta property=\"og:image\" content=\"https:\/\/workspace.es\/wp-content\/uploads\/2019\/08\/workspace-coworking-almeria-blog.jpg\" \/>\n\t<meta property=\"og:image:width\" content=\"1920\" \/>\n\t<meta property=\"og:image:height\" content=\"823\" \/>\n\t<meta property=\"og:image:type\" content=\"image\/jpeg\" \/>\n<meta name=\"twitter:card\" content=\"summary_large_image\" \/>\n<meta name=\"twitter:site\" content=\"@workspacees\" \/>\n<meta name=\"twitter:label1\" content=\"Est. reading time\" \/>\n\t<meta name=\"twitter:data1\" content=\"5 minutes\" \/>\n<script type=\"application\/ld+json\" class=\"yoast-schema-graph\">{\"@context\":\"https:\\\/\\\/schema.org\",\"@graph\":[{\"@type\":\"WebPage\",\"@id\":\"https:\\\/\\\/workspace.es\\\/magazine\\\/\",\"url\":\"https:\\\/\\\/workspace.es\\\/magazine\\\/\",\"name\":\"Blog sobre coworking en Almer\u00eda | Magazine Workspace\",\"isPartOf\":{\"@id\":\"https:\\\/\\\/workspace.es\\\/#website\"},\"primaryImageOfPage\":{\"@id\":\"https:\\\/\\\/workspace.es\\\/magazine\\\/#primaryimage\"},\"image\":{\"@id\":\"https:\\\/\\\/workspace.es\\\/magazine\\\/#primaryimage\"},\"thumbnailUrl\":\"https:\\\/\\\/workspace.es\\\/wp-content\\\/uploads\\\/2019\\\/08\\\/workspace-coworking-almeria-blog.jpg\",\"datePublished\":\"2018-08-14T06:20:21+00:00\",\"dateModified\":\"2026-04-08T09:38:40+00:00\",\"description\":\"Art\u00edculos, noticias y consejos sobre coworking en Almer\u00eda. Descubre la comunidad de Workspace y saca m\u00e1s partido a tu espacio de trabajo.\",\"breadcrumb\":{\"@id\":\"https:\\\/\\\/workspace.es\\\/magazine\\\/#breadcrumb\"},\"inLanguage\":\"en-US\",\"potentialAction\":[{\"@type\":\"ReadAction\",\"target\":[\"https:\\\/\\\/workspace.es\\\/magazine\\\/\"]}]},{\"@type\":\"ImageObject\",\"inLanguage\":\"en-US\",\"@id\":\"https:\\\/\\\/workspace.es\\\/magazine\\\/#primaryimage\",\"url\":\"https:\\\/\\\/workspace.es\\\/wp-content\\\/uploads\\\/2019\\\/08\\\/workspace-coworking-almeria-blog.jpg\",\"contentUrl\":\"https:\\\/\\\/workspace.es\\\/wp-content\\\/uploads\\\/2019\\\/08\\\/workspace-coworking-almeria-blog.jpg\",\"width\":1920,\"height\":823,\"caption\":\"Bienvenido a nuestro blog, a nuestro magazine que es el espacio donde compartimos novedades, consejos y tendencias sobre coworking, emprendimiento y productividad.\"},{\"@type\":\"BreadcrumbList\",\"@id\":\"https:\\\/\\\/workspace.es\\\/magazine\\\/#breadcrumb\",\"itemListElement\":[{\"@type\":\"ListItem\",\"position\":1,\"name\":\"INICIO\",\"item\":\"https:\\\/\\\/workspace.es\\\/\"},{\"@type\":\"ListItem\",\"position\":2,\"name\":\"Magazine\"}]},{\"@type\":\"WebSite\",\"@id\":\"https:\\\/\\\/workspace.es\\\/#website\",\"url\":\"https:\\\/\\\/workspace.es\\\/\",\"name\":\"Workspace Coworking Almer\u00eda\",\"description\":\"Coworking en Almer\u00eda para empresas y profesionales: puestos de trabajo, salas y oficina virtual en un edificio hist\u00f3rico exclusivo.\",\"publisher\":{\"@id\":\"https:\\\/\\\/workspace.es\\\/#organization\"},\"alternateName\":\"Workspace Coworking Almer\u00eda Centro\",\"potentialAction\":[{\"@type\":\"SearchAction\",\"target\":{\"@type\":\"EntryPoint\",\"urlTemplate\":\"https:\\\/\\\/workspace.es\\\/?s={search_term_string}\"},\"query-input\":{\"@type\":\"PropertyValueSpecification\",\"valueRequired\":true,\"valueName\":\"search_term_string\"}}],\"inLanguage\":\"en-US\"},{\"@type\":\"Organization\",\"@id\":\"https:\\\/\\\/workspace.es\\\/#organization\",\"name\":\"Workspace Coworking Almeria\",\"alternateName\":\"WorkSpace Almeria\",\"url\":\"https:\\\/\\\/workspace.es\\\/\",\"logo\":{\"@type\":\"ImageObject\",\"inLanguage\":\"en-US\",\"@id\":\"https:\\\/\\\/workspace.es\\\/#\\\/schema\\\/logo\\\/image\\\/\",\"url\":\"https:\\\/\\\/workspace.es\\\/wp-content\\\/uploads\\\/2024\\\/12\\\/Workspace-vertical.png\",\"contentUrl\":\"https:\\\/\\\/workspace.es\\\/wp-content\\\/uploads\\\/2024\\\/12\\\/Workspace-vertical.png\",\"width\":1500,\"height\":1500,\"caption\":\"Workspace Coworking Almeria\"},\"image\":{\"@id\":\"https:\\\/\\\/workspace.es\\\/#\\\/schema\\\/logo\\\/image\\\/\"},\"sameAs\":[\"https:\\\/\\\/www.facebook.com\\\/workspacecoworking\",\"https:\\\/\\\/x.com\\\/workspacees\",\"https:\\\/\\\/www.instagram.com\\\/workspacecoworking\\\/\",\"https:\\\/\\\/www.linkedin.com\\\/company\\\/workspace-coworking-almeria\\\/\"],\"description\":\"Workspace Coworking Almer\u00eda es el \u00fanico coworking en un edificio hist\u00f3rico exclusivo en el centro de Almer\u00eda, con espacios de trabajo flexibles, gesti\u00f3n digital, atenci\u00f3n personalizada y un entorno profesional dise\u00f1ado para rendir al m\u00e1ximo.\",\"email\":\"hola@workspace.es\",\"telephone\":\"625 01 87 67\",\"legalName\":\"Workspace Coworking Almer\u00eda\",\"numberOfEmployees\":{\"@type\":\"QuantitativeValue\",\"minValue\":\"1\",\"maxValue\":\"10\"}}]}<\/script>\n<!-- \/ Yoast SEO Premium plugin. -->","yoast_head_json":{"title":"Blog sobre coworking en Almer\u00eda | Magazine Workspace","description":"Art\u00edculos, noticias y consejos sobre coworking en Almer\u00eda. Descubre la comunidad de Workspace y saca m\u00e1s partido a tu espacio de trabajo.","robots":{"index":"index","follow":"follow","max-snippet":"max-snippet:-1","max-image-preview":"max-image-preview:large","max-video-preview":"max-video-preview:-1"},"canonical":"https:\/\/workspace.es\/en\/magazine\/","og_locale":"en_US","og_type":"article","og_title":"Magazine - Workspace Coworking Almer\u00eda","og_description":"Magazine En Workspace Coworking Almer\u00eda, el \u00fanico coworking en un edificio hist\u00f3rico exclusivo en el centro de Almer\u00eda, con espacios flexibles, gesti\u00f3n digital y atenci\u00f3n personalizada para impulsar tu productividad.","og_url":"https:\/\/workspace.es\/en\/magazine\/","og_site_name":"Workspace Coworking Almer\u00eda","article_publisher":"https:\/\/www.facebook.com\/workspacecoworking","article_modified_time":"2026-04-08T09:38:40+00:00","og_image":[{"width":1920,"height":823,"url":"https:\/\/workspace.es\/wp-content\/uploads\/2019\/08\/workspace-coworking-almeria-blog.jpg","type":"image\/jpeg"}],"twitter_card":"summary_large_image","twitter_site":"@workspacees","twitter_misc":{"Est. reading time":"5 minutes"},"schema":{"@context":"https:\/\/schema.org","@graph":[{"@type":"WebPage","@id":"https:\/\/workspace.es\/magazine\/","url":"https:\/\/workspace.es\/magazine\/","name":"Blog sobre coworking en Almer\u00eda | Magazine Workspace","isPartOf":{"@id":"https:\/\/workspace.es\/#website"},"primaryImageOfPage":{"@id":"https:\/\/workspace.es\/magazine\/#primaryimage"},"image":{"@id":"https:\/\/workspace.es\/magazine\/#primaryimage"},"thumbnailUrl":"https:\/\/workspace.es\/wp-content\/uploads\/2019\/08\/workspace-coworking-almeria-blog.jpg","datePublished":"2018-08-14T06:20:21+00:00","dateModified":"2026-04-08T09:38:40+00:00","description":"Art\u00edculos, noticias y consejos sobre coworking en Almer\u00eda. Descubre la comunidad de Workspace y saca m\u00e1s partido a tu espacio de trabajo.","breadcrumb":{"@id":"https:\/\/workspace.es\/magazine\/#breadcrumb"},"inLanguage":"en-US","potentialAction":[{"@type":"ReadAction","target":["https:\/\/workspace.es\/magazine\/"]}]},{"@type":"ImageObject","inLanguage":"en-US","@id":"https:\/\/workspace.es\/magazine\/#primaryimage","url":"https:\/\/workspace.es\/wp-content\/uploads\/2019\/08\/workspace-coworking-almeria-blog.jpg","contentUrl":"https:\/\/workspace.es\/wp-content\/uploads\/2019\/08\/workspace-coworking-almeria-blog.jpg","width":1920,"height":823,"caption":"Bienvenido a nuestro blog, a nuestro magazine que es el espacio donde compartimos novedades, consejos y tendencias sobre coworking, emprendimiento y productividad."},{"@type":"BreadcrumbList","@id":"https:\/\/workspace.es\/magazine\/#breadcrumb","itemListElement":[{"@type":"ListItem","position":1,"name":"INICIO","item":"https:\/\/workspace.es\/"},{"@type":"ListItem","position":2,"name":"Magazine"}]},{"@type":"WebSite","@id":"https:\/\/workspace.es\/#website","url":"https:\/\/workspace.es\/","name":"Workspace Coworking Almeria","description":"Coworking in Almeria for companies and professionals: workstations, rooms and virtual office in an exclusive historic building.","publisher":{"@id":"https:\/\/workspace.es\/#organization"},"alternateName":"Workspace Coworking Almer\u00eda Centro","potentialAction":[{"@type":"SearchAction","target":{"@type":"EntryPoint","urlTemplate":"https:\/\/workspace.es\/?s={search_term_string}"},"query-input":{"@type":"PropertyValueSpecification","valueRequired":true,"valueName":"search_term_string"}}],"inLanguage":"en-US"},{"@type":"Organization","@id":"https:\/\/workspace.es\/#organization","name":"Workspace Coworking Almeria","alternateName":"WorkSpace Almeria","url":"https:\/\/workspace.es\/","logo":{"@type":"ImageObject","inLanguage":"en-US","@id":"https:\/\/workspace.es\/#\/schema\/logo\/image\/","url":"https:\/\/workspace.es\/wp-content\/uploads\/2024\/12\/Workspace-vertical.png","contentUrl":"https:\/\/workspace.es\/wp-content\/uploads\/2024\/12\/Workspace-vertical.png","width":1500,"height":1500,"caption":"Workspace Coworking Almeria"},"image":{"@id":"https:\/\/workspace.es\/#\/schema\/logo\/image\/"},"sameAs":["https:\/\/www.facebook.com\/workspacecoworking","https:\/\/x.com\/workspacees","https:\/\/www.instagram.com\/workspacecoworking\/","https:\/\/www.linkedin.com\/company\/workspace-coworking-almeria\/"],"description":"Workspace Coworking Almer\u00eda es el \u00fanico coworking en un edificio hist\u00f3rico exclusivo en el centro de Almer\u00eda, con espacios de trabajo flexibles, gesti\u00f3n digital, atenci\u00f3n personalizada y un entorno profesional dise\u00f1ado para rendir al m\u00e1ximo.","email":"hola@workspace.es","telephone":"625 01 87 67","legalName":"Workspace Coworking Almer\u00eda","numberOfEmployees":{"@type":"QuantitativeValue","minValue":"1","maxValue":"10"}}]}},"_links":{"self":[{"href":"https:\/\/workspace.es\/en\/wp-json\/wp\/v2\/pages\/4148","targetHints":{"allow":["GET"]}}],"collection":[{"href":"https:\/\/workspace.es\/en\/wp-json\/wp\/v2\/pages"}],"about":[{"href":"https:\/\/workspace.es\/en\/wp-json\/wp\/v2\/types\/page"}],"author":[{"embeddable":true,"href":"https:\/\/workspace.es\/en\/wp-json\/wp\/v2\/users\/1"}],"replies":[{"embeddable":true,"href":"https:\/\/workspace.es\/en\/wp-json\/wp\/v2\/comments?post=4148"}],"version-history":[{"count":43,"href":"https:\/\/workspace.es\/en\/wp-json\/wp\/v2\/pages\/4148\/revisions"}],"predecessor-version":[{"id":12368,"href":"https:\/\/workspace.es\/en\/wp-json\/wp\/v2\/pages\/4148\/revisions\/12368"}],"wp:featuredmedia":[{"embeddable":true,"href":"https:\/\/workspace.es\/en\/wp-json\/wp\/v2\/media\/5874"}],"wp:attachment":[{"href":"https:\/\/workspace.es\/en\/wp-json\/wp\/v2\/media?parent=4148"}],"curies":[{"name":"wp","href":"https:\/\/api.w.org\/{rel}","templated":true}]}}